{"id":3549,"date":"2026-03-05T13:33:49","date_gmt":"2026-03-05T16:33:49","guid":{"rendered":"http:\/\/site.iafa.com.br\/?post_type=product&#038;p=3549"},"modified":"2026-03-06T10:28:12","modified_gmt":"2026-03-06T13:28:12","slug":"camiseta-personalizada-poliviscose-com-estampa-frontal","status":"publish","type":"product","link":"http:\/\/site.iafa.com.br\/?product=camiseta-personalizada-poliviscose-com-estampa-frontal","title":{"rendered":"Camiseta Personalizada Poliviscose Com Estampa Frontal"},"content":{"rendered":"<div class=\"description-tab-menu\">\n<ul class=\"clearfix\" role=\"tablist\">\n<li class=\"active\" role=\"presentation\"><a role=\"tab\" href=\"https:\/\/www.iafa.com.br\/#description\" aria-controls=\"description\" data-toggle=\"tab\">Descri\u00e7\u00e3o<\/a><\/li>\n<\/ul>\n<\/div>\n<div class=\"tab-content\">\n<div id=\"description\" class=\"tab-pane active\" role=\"tabpanel\">\n<p>As camisetas poliviscose s\u00e3o confeccionadas em malha 33% poli\u00e9ster e 67% viscose em fio 30 160 g top de linha, que tem um excelente toque e maior resist\u00eancia a peeling (bolinhas). Suas costuras s\u00e3o feitas com fio de poli\u00e9ster, que proporciona maior resist\u00eancia \u00e0 costura.<\/p>\n<p><strong>Acabamentos<\/strong>: O acabamento padr\u00e3o \u00e9 com ribana na gola e pesponto duplo, mas pode ser confecionada com debrum, e ainda pode ser personalizda com outros tipos de acabamentos.<\/p>\n<p><strong>Tipos de impress\u00e3o<\/strong>: Nas camisetas poliviscose, \u00e9 poss\u00edvel fazer qualquer tipo de impress\u00e3o, serigrafia, transfer, gel, foil ou bordado, exceto sublima\u00e7\u00e3o.<\/p>\n<p><strong>Vantagens<\/strong>: As camisetas poliviscose s\u00e3o macias, leves, possuem excelente caimento, permitem a secagem r\u00e1pida e n\u00e3o necessitam passar.<\/p>\n<p><strong>Aplicabilidade<\/strong>: As camisetas poliviscose s\u00e3o ideais para uniformes ou para uso frequente, pois n\u00e3o desbotam e apresentam pouco ou nenhum encolhimento.<\/p>\n<\/div>\n<\/div>\n","protected":false},"excerpt":{"rendered":"<p>Descri\u00e7\u00e3o As camisetas poliviscose s\u00e3o confeccionadas em malha 33% poli\u00e9ster e 67% viscose em fio 30 160 g top de linha, que tem um excelente toque e maior resist\u00eancia a peeling (bolinhas). Suas costuras s\u00e3o feitas com fio de poli\u00e9ster, que proporciona maior resist\u00eancia \u00e0 costura. Acabamentos: O acabamento padr\u00e3o \u00e9 com ribana na gola e pesponto duplo, mas pode ser confecionada com debrum, e ainda pode ser personalizda com outros tipos de acabamentos. Tipos de impress\u00e3o: Nas camisetas poliviscose, \u00e9 poss\u00edvel fazer qualquer tipo de impress\u00e3o, serigrafia, transfer, gel, foil ou bordado, exceto sublima\u00e7\u00e3o. Vantagens: As camisetas poliviscose s\u00e3o macias, leves, possuem excelente caimento, permitem a secagem r\u00e1pida e n\u00e3o necessitam passar. Aplicabilidade: As camisetas poliviscose s\u00e3o ideais para uniformes ou para uso frequente, pois n\u00e3o desbotam e apresentam pouco ou nenhum encolhimento.<\/p>\n","protected":false},"featured_media":3550,"comment_status":"open","ping_status":"closed","template":"","meta":[],"product_brand":[],"product_cat":[320,308],"product_tag":[322],"class_list":{"0":"post-3549","1":"product","2":"type-product","3":"status-publish","4":"has-post-thumbnail","6":"product_cat-camiseta-poliviscose","7":"product_cat-camisetas","8":"product_tag-produtos-iafa","10":"first","11":"instock","12":"shipping-taxable","13":"product-type-simple"},"acf":[],"jetpack_sharing_enabled":true,"_links":{"self":[{"href":"http:\/\/site.iafa.com.br\/index.php?rest_route=\/wp\/v2\/product\/3549","targetHints":{"allow":["GET"]}}],"collection":[{"href":"http:\/\/site.iafa.com.br\/index.php?rest_route=\/wp\/v2\/product"}],"about":[{"href":"http:\/\/site.iafa.com.br\/index.php?rest_route=\/wp\/v2\/types\/product"}],"replies":[{"embeddable":true,"href":"http:\/\/site.iafa.com.br\/index.php?rest_route=%2Fwp%2Fv2%2Fcomments&post=3549"}],"wp:featuredmedia":[{"embeddable":true,"href":"http:\/\/site.iafa.com.br\/index.php?rest_route=\/wp\/v2\/media\/3550"}],"wp:attachment":[{"href":"http:\/\/site.iafa.com.br\/index.php?rest_route=%2Fwp%2Fv2%2Fmedia&parent=3549"}],"wp:term":[{"taxonomy":"product_brand","embeddable":true,"href":"http:\/\/site.iafa.com.br\/index.php?rest_route=%2Fwp%2Fv2%2Fproduct_brand&post=3549"},{"taxonomy":"product_cat","embeddable":true,"href":"http:\/\/site.iafa.com.br\/index.php?rest_route=%2Fwp%2Fv2%2Fproduct_cat&post=3549"},{"taxonomy":"product_tag","embeddable":true,"href":"http:\/\/site.iafa.com.br\/index.php?rest_route=%2Fwp%2Fv2%2Fproduct_tag&post=3549"}],"curies":[{"name":"wp","href":"https:\/\/api.w.org\/{rel}","templated":true}]}}