{"id":3536,"date":"2026-03-05T10:46:06","date_gmt":"2026-03-05T13:46:06","guid":{"rendered":"http:\/\/site.iafa.com.br\/?post_type=product&#038;p=3536"},"modified":"2026-03-06T10:29:32","modified_gmt":"2026-03-06T13:29:32","slug":"camiseta-personalizada-promocional-slim","status":"publish","type":"product","link":"http:\/\/site.iafa.com.br\/?product=camiseta-personalizada-promocional-slim","title":{"rendered":"Camiseta Personalizada Promocional Slim"},"content":{"rendered":"<div class=\"description-tab-menu\">\n<ul class=\"clearfix\" role=\"tablist\">\n<li class=\"active\" role=\"presentation\"><a role=\"tab\" href=\"https:\/\/www.iafa.com.br\/#description\" aria-controls=\"description\" data-toggle=\"tab\">Descri\u00e7\u00e3o<\/a><\/li>\n<\/ul>\n<\/div>\n<div class=\"tab-content\">\n<div id=\"description\" class=\"tab-pane active\" role=\"tabpanel\">\n<p>As camisetas promocionais s\u00e3o confeccionadas em algod\u00e3o fio 30 155 g. Suas costuras s\u00e3o feitas com fio de poli\u00e9ster, que proporciona maior resist\u00eancia \u00e0 costura.<\/p>\n<p>Tipos de impress\u00e3o: Nas camisetas promo, s\u00f3 \u00e9 poss\u00edvel fazer impress\u00e3o em serigrafia, mas pode ter estampas frontais, nas mangas e nas costas.<\/p>\n<p>Vantagens: As camisetas promo t\u00eam boa qualidade e sua grande vantagem \u00e9 o custo acess\u00edvel.<\/p>\n<\/div>\n<\/div>\n","protected":false},"excerpt":{"rendered":"<p>Descri\u00e7\u00e3o As camisetas promocionais s\u00e3o confeccionadas em algod\u00e3o fio 30 155 g. Suas costuras s\u00e3o feitas com fio de poli\u00e9ster, que proporciona maior resist\u00eancia \u00e0 costura. Tipos de impress\u00e3o: Nas camisetas promo, s\u00f3 \u00e9 poss\u00edvel fazer impress\u00e3o em serigrafia, mas pode ter estampas frontais, nas mangas e nas costas. Vantagens: As camisetas promo t\u00eam boa qualidade e sua grande vantagem \u00e9 o custo acess\u00edvel.<\/p>\n","protected":false},"featured_media":3537,"comment_status":"open","ping_status":"closed","template":"","meta":[],"product_brand":[],"product_cat":[318,308],"product_tag":[322],"class_list":{"0":"post-3536","1":"product","2":"type-product","3":"status-publish","4":"has-post-thumbnail","6":"product_cat-camiseta-basica-de-algodao","7":"product_cat-camisetas","8":"product_tag-produtos-iafa","10":"first","11":"instock","12":"shipping-taxable","13":"product-type-simple"},"acf":[],"jetpack_sharing_enabled":true,"_links":{"self":[{"href":"http:\/\/site.iafa.com.br\/index.php?rest_route=\/wp\/v2\/product\/3536","targetHints":{"allow":["GET"]}}],"collection":[{"href":"http:\/\/site.iafa.com.br\/index.php?rest_route=\/wp\/v2\/product"}],"about":[{"href":"http:\/\/site.iafa.com.br\/index.php?rest_route=\/wp\/v2\/types\/product"}],"replies":[{"embeddable":true,"href":"http:\/\/site.iafa.com.br\/index.php?rest_route=%2Fwp%2Fv2%2Fcomments&post=3536"}],"wp:featuredmedia":[{"embeddable":true,"href":"http:\/\/site.iafa.com.br\/index.php?rest_route=\/wp\/v2\/media\/3537"}],"wp:attachment":[{"href":"http:\/\/site.iafa.com.br\/index.php?rest_route=%2Fwp%2Fv2%2Fmedia&parent=3536"}],"wp:term":[{"taxonomy":"product_brand","embeddable":true,"href":"http:\/\/site.iafa.com.br\/index.php?rest_route=%2Fwp%2Fv2%2Fproduct_brand&post=3536"},{"taxonomy":"product_cat","embeddable":true,"href":"http:\/\/site.iafa.com.br\/index.php?rest_route=%2Fwp%2Fv2%2Fproduct_cat&post=3536"},{"taxonomy":"product_tag","embeddable":true,"href":"http:\/\/site.iafa.com.br\/index.php?rest_route=%2Fwp%2Fv2%2Fproduct_tag&post=3536"}],"curies":[{"name":"wp","href":"https:\/\/api.w.org\/{rel}","templated":true}]}}