{"id":3529,"date":"2026-03-05T10:44:11","date_gmt":"2026-03-05T13:44:11","guid":{"rendered":"http:\/\/site.iafa.com.br\/?post_type=product&#038;p=3529"},"modified":"2026-03-06T10:30:20","modified_gmt":"2026-03-06T13:30:20","slug":"camiseta-personalizada-basica","status":"publish","type":"product","link":"http:\/\/site.iafa.com.br\/?product=camiseta-personalizada-basica","title":{"rendered":"Camiseta Personalizada B\u00e1sica"},"content":{"rendered":"<div class=\"description-tab-menu\">\n<ul class=\"clearfix\" role=\"tablist\">\n<li class=\"active\" role=\"presentation\"><a role=\"tab\" href=\"https:\/\/www.iafa.com.br\/#description\" aria-controls=\"description\" data-toggle=\"tab\">Descri\u00e7\u00e3o<\/a><\/li>\n<\/ul>\n<\/div>\n<div class=\"tab-content\">\n<div id=\"description\" class=\"tab-pane active\" role=\"tabpanel\">\n<p>As camisetas b\u00e1sicas s\u00e3o confeccionadas em algod\u00e3o fio 30 160 g. Suas costuras s\u00e3o feitas com fio de poli\u00e9ster para dar maior resist\u00eancia \u00e0 costura.<br \/>\n<strong>Acabamentos:<\/strong>\u00a0O acabamento padr\u00e3o \u00e9 com ribana na gola e pesponto duplo, mas pode ser confeccionada com debrum, e ainda pode ser personalizda com outros tipos de acabamento. \u00a0Dispon\u00edvel em todos os tipos de gola: v, canoa e rendonda. Dispon\u00edvel na modelagem padr\u00e3o ou slim, mais ajustada ao corpo.<\/p>\n<p><strong>Tipos de impress\u00e3o:<\/strong>\u00a0Nas camisetas basic, pode ser realizado qualquer tipo de impress\u00e3o, serigrafia, transfer, gel ou foil, exceto sublima\u00e7\u00e3o e bordado. As camisetas basic oferecem op\u00e7\u00f5es de estampas frontais, nas mangas e nas costas.<\/p>\n<p><strong>Vantagens:<\/strong>\u00a0As camisetas basic t\u00eam excelente custo-benef\u00edcio e s\u00e3o muito indicadas para eventos, para serem distribu\u00eddas como brinde ou para equipe operacional de marketing promocional.<\/p>\n<\/div>\n<\/div>\n","protected":false},"excerpt":{"rendered":"<p>Descri\u00e7\u00e3o As camisetas b\u00e1sicas s\u00e3o confeccionadas em algod\u00e3o fio 30 160 g. Suas costuras s\u00e3o feitas com fio de poli\u00e9ster para dar maior resist\u00eancia \u00e0 costura. Acabamentos:\u00a0O acabamento padr\u00e3o \u00e9 com ribana na gola e pesponto duplo, mas pode ser confeccionada com debrum, e ainda pode ser personalizda com outros tipos de acabamento. \u00a0Dispon\u00edvel em todos os tipos de gola: v, canoa e rendonda. Dispon\u00edvel na modelagem padr\u00e3o ou slim, mais ajustada ao corpo. Tipos de impress\u00e3o:\u00a0Nas camisetas basic, pode ser realizado qualquer tipo de impress\u00e3o, serigrafia, transfer, gel ou foil, exceto sublima\u00e7\u00e3o e bordado. As camisetas basic oferecem op\u00e7\u00f5es de estampas frontais, nas mangas e nas costas. Vantagens:\u00a0As camisetas basic t\u00eam excelente custo-benef\u00edcio e s\u00e3o muito indicadas para eventos, para serem distribu\u00eddas como brinde ou para equipe operacional de marketing promocional.<\/p>\n","protected":false},"featured_media":3530,"comment_status":"open","ping_status":"closed","template":"","meta":[],"product_brand":[],"product_cat":[318,308],"product_tag":[322],"class_list":{"0":"post-3529","1":"product","2":"type-product","3":"status-publish","4":"has-post-thumbnail","6":"product_cat-camiseta-basica-de-algodao","7":"product_cat-camisetas","8":"product_tag-produtos-iafa","10":"first","11":"instock","12":"shipping-taxable","13":"product-type-simple"},"acf":[],"jetpack_sharing_enabled":true,"_links":{"self":[{"href":"http:\/\/site.iafa.com.br\/index.php?rest_route=\/wp\/v2\/product\/3529","targetHints":{"allow":["GET"]}}],"collection":[{"href":"http:\/\/site.iafa.com.br\/index.php?rest_route=\/wp\/v2\/product"}],"about":[{"href":"http:\/\/site.iafa.com.br\/index.php?rest_route=\/wp\/v2\/types\/product"}],"replies":[{"embeddable":true,"href":"http:\/\/site.iafa.com.br\/index.php?rest_route=%2Fwp%2Fv2%2Fcomments&post=3529"}],"wp:featuredmedia":[{"embeddable":true,"href":"http:\/\/site.iafa.com.br\/index.php?rest_route=\/wp\/v2\/media\/3530"}],"wp:attachment":[{"href":"http:\/\/site.iafa.com.br\/index.php?rest_route=%2Fwp%2Fv2%2Fmedia&parent=3529"}],"wp:term":[{"taxonomy":"product_brand","embeddable":true,"href":"http:\/\/site.iafa.com.br\/index.php?rest_route=%2Fwp%2Fv2%2Fproduct_brand&post=3529"},{"taxonomy":"product_cat","embeddable":true,"href":"http:\/\/site.iafa.com.br\/index.php?rest_route=%2Fwp%2Fv2%2Fproduct_cat&post=3529"},{"taxonomy":"product_tag","embeddable":true,"href":"http:\/\/site.iafa.com.br\/index.php?rest_route=%2Fwp%2Fv2%2Fproduct_tag&post=3529"}],"curies":[{"name":"wp","href":"https:\/\/api.w.org\/{rel}","templated":true}]}}