{"id":3171,"date":"2024-08-08T12:51:31","date_gmt":"2024-08-08T15:51:31","guid":{"rendered":"https:\/\/demosites.royal-elementor-addons.com\/fashion-v3\/?page_id=1847"},"modified":"2026-03-06T11:11:42","modified_gmt":"2026-03-06T14:11:42","slug":"personalize-online","status":"publish","type":"page","link":"http:\/\/site.iafa.com.br\/?page_id=3171","title":{"rendered":"Personalize online"},"content":{"rendered":"\t\t<div data-elementor-type=\"wp-page\" data-elementor-id=\"3171\" class=\"elementor elementor-3171\">\n\t\t\t\t<div class=\"elementor-element elementor-element-f593244 e-flex e-con-boxed wpr-particle-no wpr-jarallax-no wpr-parallax-no wpr-sticky-section-no e-con e-parent\" data-id=\"f593244\" data-element_type=\"container\" data-e-type=\"container\">\n\t\t\t\t\t<div class=\"e-con-inner\">\n\t\t<div class=\"elementor-element elementor-element-3364e3a e-con-full e-flex wpr-particle-no wpr-jarallax-no wpr-parallax-no wpr-sticky-section-no e-con e-child\" data-id=\"3364e3a\" data-element_type=\"container\" data-e-type=\"container\">\n\t\t\t\t<div class=\"elementor-element elementor-element-e6c3652 wpr-product-filter-label-right elementor-widget elementor-widget-wpr-product-filters-pro\" data-id=\"e6c3652\" data-element_type=\"widget\" data-e-type=\"widget\" data-widget_type=\"wpr-product-filters-pro.default\">\n\t\t\t\t\t<div class=\"wpr-product-filters\"><h3 class=\"wpr-product-filter-title\">Product Category<\/h3><ul class=\"wpr-product-filter-tax-wrap\"><li><a href=\"http:\/\/site.iafa.com.br?wprfilters&#038;filter_product_cat=camisa-polo-personalizada\" class=\"\"><span><\/span><span class=\"wpr-product-filter-tax-name\">Camisa Polo Personalizada<\/span><span> 5<\/span><\/a><\/li><li><a href=\"http:\/\/site.iafa.com.br?wprfilters&#038;filter_product_cat=camisetas\" class=\"\"><span><\/span><span class=\"wpr-product-filter-tax-name\">Camisetas<\/span><span> 5<\/span><\/a><li class=\"wpr-product-filter-tax-child\"><a href=\"http:\/\/site.iafa.com.br?wprfilters&#038;filter_product_cat=camiseta-basica-de-algodao\" class=\"\"><span><\/span><span class=\"wpr-product-filter-tax-name\">Camiseta B\u00e1sica de Algod\u00e3o<\/span><span> 2<\/span><\/a><\/li><li class=\"wpr-product-filter-tax-child\"><a href=\"http:\/\/site.iafa.com.br?wprfilters&#038;filter_product_cat=camiseta-poliviscose\" class=\"\"><span><\/span><span class=\"wpr-product-filter-tax-name\">Camiseta Poliviscose<\/span><span> 1<\/span><\/a><\/li><\/li><li><a href=\"http:\/\/site.iafa.com.br?wprfilters&#038;filter_product_cat=camisetas-com-protecao-solar\" class=\"\"><span><\/span><span class=\"wpr-product-filter-tax-name\">Camisetas com Prote\u00e7\u00e3o Solar<\/span><span> 3<\/span><\/a><\/li><li><a href=\"http:\/\/site.iafa.com.br?wprfilters&#038;filter_product_cat=camisetas-ecologicas-personalizadas\" class=\"\"><span><\/span><span class=\"wpr-product-filter-tax-name\">Camisetas Ecol\u00f3gicas Personalizadas<\/span><span> 2<\/span><\/a><\/li><li><a href=\"http:\/\/site.iafa.com.br?wprfilters&#038;filter_product_cat=camisetas-personalizadas\" class=\"\"><span><\/span><span class=\"wpr-product-filter-tax-name\">Camisetas Personalizadas<\/span><span> 10<\/span><\/a><\/li><li><a href=\"http:\/\/site.iafa.com.br?wprfilters&#038;filter_product_cat=camisetas-personalizadas-baby-look\" class=\"\"><span><\/span><span class=\"wpr-product-filter-tax-name\">Camisetas Personalizadas Baby Look<\/span><span> 2<\/span><\/a><\/li><li><a href=\"http:\/\/site.iafa.com.br?wprfilters&#038;filter_product_cat=camisetas-personalizadas-dry-fit\" class=\"\"><span><\/span><span class=\"wpr-product-filter-tax-name\">Camisetas Personalizadas Dry Fit<\/span><span> 11<\/span><\/a><\/li><li><a href=\"http:\/\/site.iafa.com.br?wprfilters&#038;filter_product_cat=camisetas-personalizadas-premium\" class=\"\"><span><\/span><span class=\"wpr-product-filter-tax-name\">Camisetas Personalizadas Premium<\/span><span> 2<\/span><\/a><\/li><li><a href=\"http:\/\/site.iafa.com.br?wprfilters&#038;filter_product_cat=regatas-personalizadas\" class=\"\"><span><\/span><span class=\"wpr-product-filter-tax-name\">Regatas Personalizadas<\/span><span> 2<\/span><\/a><\/li><\/ul><\/div>\t\t\t\t<\/div>\n\t\t\t\t<\/div>\n\t\t<div class=\"elementor-element elementor-element-8d29451 e-con-full e-flex wpr-particle-no wpr-jarallax-no wpr-parallax-no wpr-sticky-section-no e-con e-child\" data-id=\"8d29451\" data-element_type=\"container\" data-e-type=\"container\">\n\t\t\t\t<div class=\"elementor-element elementor-element-aa34f6c wpr-grid-columns--tablet1 wpr-grid-columns-2 wpr-grid-columns--laptop1 wpr-atc-popup-top wpr-grid-columns--mobile1 wpr-grid-pagination-center wpr-item-styles-inner elementor-invisible elementor-widget elementor-widget-wpr-woo-grid\" data-id=\"aa34f6c\" data-element_type=\"widget\" data-e-type=\"widget\" data-settings=\"{&quot;_animation&quot;:&quot;fadeIn&quot;}\" data-widget_type=\"wpr-woo-grid.default\">\n\t\t\t\t\t<ul class=\"wpr-grid-filters elementor-clearfix wpr-grid-filters-sep-right\"><li class=\" wpr-pointer-underline wpr-pointer-line-fx wpr-pointer-fx-slide\"><span data-filter=\"*\" class=\"wpr-active-filter wpr-pointer-item\"><i class=\" wpr-grid-filters-icon-left\"><\/i>All<\/span><em class=\"wpr-grid-filters-sep\"><\/em><\/li><li class=\" wpr-pointer-underline wpr-pointer-line-fx wpr-pointer-fx-slide\"><span class=\"wpr-pointer-item\" data-ajax-filter=[\"product_cat\",\"sem-categoria\"] data-filter=\".product_cat-sem-categoria\"><i class=\" wpr-grid-filters-icon-left\"><\/i>sem categoria<\/span><em class=\"wpr-grid-filters-sep\"><\/em><\/li><li class=\" wpr-pointer-underline wpr-pointer-line-fx wpr-pointer-fx-slide\"><span class=\"wpr-pointer-item\" data-ajax-filter=[\"product_cat\",\"aventais\"] data-filter=\".product_cat-aventais\"><i class=\" wpr-grid-filters-icon-left\"><\/i>Aventais<\/span><em class=\"wpr-grid-filters-sep\"><\/em><\/li><li class=\" wpr-pointer-underline wpr-pointer-line-fx wpr-pointer-fx-slide\"><span class=\"wpr-pointer-item\" data-ajax-filter=[\"product_cat\",\"camisa-polo-personalizada\"] data-filter=\".product_cat-camisa-polo-personalizada\"><i class=\" wpr-grid-filters-icon-left\"><\/i>Camisa Polo Personalizada<\/span><em class=\"wpr-grid-filters-sep\"><\/em><\/li><li data-role=\"parent\" class=\" wpr-pointer-underline wpr-pointer-line-fx wpr-pointer-fx-slide\"><span class=\"wpr-pointer-item\" data-ajax-filter=[\"product_cat\",\"camisetas\"] data-filter=\".product_cat-camisetas\"><i class=\" wpr-grid-filters-icon-left\"><\/i>Camisetas<\/span><em class=\"wpr-grid-filters-sep\"><\/em><\/li><li class=\" wpr-pointer-underline wpr-pointer-line-fx wpr-pointer-fx-slide\"><span class=\"wpr-pointer-item\" data-ajax-filter=[\"product_cat\",\"camisetas-com-protecao-solar\"] data-filter=\".product_cat-camisetas-com-protecao-solar\"><i class=\" wpr-grid-filters-icon-left\"><\/i>Camisetas com Prote\u00e7\u00e3o Solar<\/span><em class=\"wpr-grid-filters-sep\"><\/em><\/li><li class=\" wpr-pointer-underline wpr-pointer-line-fx wpr-pointer-fx-slide\"><span class=\"wpr-pointer-item\" data-ajax-filter=[\"product_cat\",\"camisetas-ecologicas-personalizadas\"] data-filter=\".product_cat-camisetas-ecologicas-personalizadas\"><i class=\" wpr-grid-filters-icon-left\"><\/i>Camisetas Ecol\u00f3gicas Personalizadas<\/span><em class=\"wpr-grid-filters-sep\"><\/em><\/li><li class=\" wpr-pointer-underline wpr-pointer-line-fx wpr-pointer-fx-slide\"><span class=\"wpr-pointer-item\" data-ajax-filter=[\"product_cat\",\"camisetas-personalizadas\"] data-filter=\".product_cat-camisetas-personalizadas\"><i class=\" wpr-grid-filters-icon-left\"><\/i>Camisetas Personalizadas<\/span><em class=\"wpr-grid-filters-sep\"><\/em><\/li><li class=\" wpr-pointer-underline wpr-pointer-line-fx wpr-pointer-fx-slide\"><span class=\"wpr-pointer-item\" data-ajax-filter=[\"product_cat\",\"camisetas-personalizadas-baby-look\"] data-filter=\".product_cat-camisetas-personalizadas-baby-look\"><i class=\" wpr-grid-filters-icon-left\"><\/i>Camisetas Personalizadas Baby Look<\/span><em class=\"wpr-grid-filters-sep\"><\/em><\/li><li class=\" wpr-pointer-underline wpr-pointer-line-fx wpr-pointer-fx-slide\"><span class=\"wpr-pointer-item\" data-ajax-filter=[\"product_cat\",\"camisetas-personalizadas-dry-fit\"] data-filter=\".product_cat-camisetas-personalizadas-dry-fit\"><i class=\" wpr-grid-filters-icon-left\"><\/i>Camisetas Personalizadas Dry Fit<\/span><em class=\"wpr-grid-filters-sep\"><\/em><\/li><li class=\" wpr-pointer-underline wpr-pointer-line-fx wpr-pointer-fx-slide\"><span class=\"wpr-pointer-item\" data-ajax-filter=[\"product_cat\",\"camisetas-personalizadas-premium\"] data-filter=\".product_cat-camisetas-personalizadas-premium\"><i class=\" wpr-grid-filters-icon-left\"><\/i>Camisetas Personalizadas Premium<\/span><em class=\"wpr-grid-filters-sep\"><\/em><\/li><li class=\" wpr-pointer-underline wpr-pointer-line-fx wpr-pointer-fx-slide\"><span class=\"wpr-pointer-item\" data-ajax-filter=[\"product_cat\",\"coletes-de-identificacao\"] data-filter=\".product_cat-coletes-de-identificacao\"><i class=\" wpr-grid-filters-icon-left\"><\/i>Coletes de Identifica\u00e7\u00e3o<\/span><em class=\"wpr-grid-filters-sep\"><\/em><\/li><li class=\" wpr-pointer-underline wpr-pointer-line-fx wpr-pointer-fx-slide\"><span class=\"wpr-pointer-item\" data-ajax-filter=[\"product_cat\",\"ecobags\"] data-filter=\".product_cat-ecobags\"><i class=\" wpr-grid-filters-icon-left\"><\/i>Ecobags<\/span><em class=\"wpr-grid-filters-sep\"><\/em><\/li><li class=\" wpr-pointer-underline wpr-pointer-line-fx wpr-pointer-fx-slide\"><span class=\"wpr-pointer-item\" data-ajax-filter=[\"product_cat\",\"moletons\"] data-filter=\".product_cat-moletons\"><i class=\" wpr-grid-filters-icon-left\"><\/i>Moletons<\/span><em class=\"wpr-grid-filters-sep\"><\/em><\/li><li class=\" wpr-pointer-underline wpr-pointer-line-fx wpr-pointer-fx-slide\"><span class=\"wpr-pointer-item\" data-ajax-filter=[\"product_cat\",\"regatas-personalizadas\"] data-filter=\".product_cat-regatas-personalizadas\"><i class=\" wpr-grid-filters-icon-left\"><\/i>Regatas Personalizadas<\/span><em class=\"wpr-grid-filters-sep\"><\/em><\/li><ul data-parent=\".product_cat-camisetas\" class=\"wpr-sub-filters\"><li data-role=\"back\" class=\" wpr-pointer-underline wpr-pointer-line-fx wpr-pointer-fx-slide\"><span class=\"wpr-back-filter\" data-ajax-filter=[\"product_cat\",\"camisetas\"] data-filter=\".product_cat-camisetas\"><i class=\"fas fa-long-arrow-alt-left\"><\/i>&nbsp;&nbsp;Back<\/span><\/li><li data-role=\"sub\" class=\" wpr-pointer-underline wpr-pointer-line-fx wpr-pointer-fx-slide\"><span class=\"wpr-pointer-item\" data-ajax-filter=[\"product_cat\",\"camiseta-basica-de-algodao\"] data-filter=\".product_cat-camiseta-basica-de-algodao\"><i class=\" wpr-grid-filters-icon-left\"><\/i>Camiseta B\u00e1sica de Algod\u00e3o<\/span><em class=\"wpr-grid-filters-sep\"><\/em><\/li><li data-role=\"sub\" class=\" wpr-pointer-underline wpr-pointer-line-fx wpr-pointer-fx-slide\"><span class=\"wpr-pointer-item\" data-ajax-filter=[\"product_cat\",\"camiseta-premium-de-algodao\"] data-filter=\".product_cat-camiseta-premium-de-algodao\"><i class=\" wpr-grid-filters-icon-left\"><\/i>Camiseta Premium de Algod\u00e3o<\/span><em class=\"wpr-grid-filters-sep\"><\/em><\/li><li data-role=\"sub\" class=\" wpr-pointer-underline wpr-pointer-line-fx wpr-pointer-fx-slide\"><span class=\"wpr-pointer-item\" data-ajax-filter=[\"product_cat\",\"camiseta-poliviscose\"] data-filter=\".product_cat-camiseta-poliviscose\"><i class=\" wpr-grid-filters-icon-left\"><\/i>Camiseta Poliviscose<\/span><em class=\"wpr-grid-filters-sep\"><\/em><\/li><\/ul><\/ul><section class=\"wpr-grid elementor-clearfix\" data-settings=\"{&quot;layout&quot;:&quot;list&quot;,&quot;stick_last_element_to_bottom&quot;:&quot;no&quot;,&quot;columns_desktop&quot;:&quot;2&quot;,&quot;gutter_hr&quot;:30,&quot;gutter_hr_mobile&quot;:30,&quot;gutter_hr_mobile_extra&quot;:30,&quot;gutter_hr_tablet&quot;:30,&quot;gutter_hr_tablet_extra&quot;:30,&quot;gutter_hr_laptop&quot;:30,&quot;gutter_hr_widescreen&quot;:30,&quot;gutter_vr&quot;:30,&quot;gutter_vr_mobile&quot;:30,&quot;gutter_vr_mobile_extra&quot;:30,&quot;gutter_vr_tablet&quot;:30,&quot;gutter_vr_tablet_extra&quot;:30,&quot;gutter_vr_laptop&quot;:30,&quot;gutter_vr_widescreen&quot;:30,&quot;animation&quot;:&quot;fade&quot;,&quot;animation_duration&quot;:0.29999999999999999,&quot;animation_delay&quot;:0.10000000000000001,&quot;deeplinking&quot;:&quot;no&quot;,&quot;filters_linkable&quot;:&quot;no&quot;,&quot;filters_default_filter&quot;:&quot;&quot;,&quot;filters_count&quot;:&quot;no&quot;,&quot;filters_hide_empty&quot;:&quot;no&quot;,&quot;filters_animation&quot;:&quot;fade&quot;,&quot;filters_animation_duration&quot;:0.29999999999999999,&quot;filters_animation_delay&quot;:0.10000000000000001,&quot;pagination_type&quot;:&quot;numbered&quot;,&quot;pagination_max_pages&quot;:1,&quot;query_posts_per_page&quot;:10,&quot;media_align&quot;:&quot;left&quot;,&quot;media_width&quot;:30,&quot;media_distance&quot;:20,&quot;lightbox&quot;:{&quot;selector&quot;:&quot;.wpr-grid-image-wrap&quot;,&quot;iframeMaxWidth&quot;:&quot;60%&quot;,&quot;hash&quot;:false,&quot;autoplay&quot;:&quot;true&quot;,&quot;pause&quot;:5000,&quot;progressBar&quot;:&quot;true&quot;,&quot;counter&quot;:&quot;true&quot;,&quot;controls&quot;:&quot;true&quot;,&quot;getCaptionFromTitleOrAlt&quot;:&quot;true&quot;,&quot;thumbnail&quot;:&quot;true&quot;,&quot;showThumbByDefault&quot;:&quot;true&quot;,&quot;share&quot;:&quot;true&quot;,&quot;zoom&quot;:&quot;true&quot;,&quot;fullScreen&quot;:&quot;true&quot;,&quot;download&quot;:&quot;true&quot;}}\" data-advanced-filters=\"no\" data-found-posts = 2><article class=\"wpr-grid-item elementor-clearfix post-3719 product type-product status-publish has-post-thumbnail product_brand-iafa product_cat-camisetas product_tag-personalize pa_cores-amarelo pa_cores-branco pa_cores-cinza-claro pa_cores-cinza-medio pa_cores-laranja pa_cores-preto pa_cores-roxo pa_cores-verde-bandeira pa_cores-vermelho first instock featured shipping-taxable purchasable product-type-variable\"><div class=\"wpr-grid-item-inner\"><div class=\"wpr-grid-media-wrap wpr-effect-size-medium \" data-overlay-link=\"yes\"><div class=\"wpr-grid-image-wrap\" data-src=\"http:\/\/site.iafa.com.br\/wp-content\/uploads\/2026\/02\/f090d70d75430b0a7f71a17f3be560ee.jpg\"  data-img-on-hover=\"yes\" data-src-secondary=\"\"><img decoding=\"async\" src=\"http:\/\/site.iafa.com.br\/wp-content\/uploads\/2026\/02\/f090d70d75430b0a7f71a17f3be560ee.jpg\" alt=\"Camiseta Algod\u00e3o B\u00e1sico (c\u00f3pia)\" class=\"wpr-anim-timing-ease-default\"><img decoding=\"async\" src=\"\" alt=\"Camiseta Algod\u00e3o B\u00e1sico (c\u00f3pia)\" class=\"wpr-hidden-img wpr-anim-timing-ease-default\"><\/div><div class=\"wpr-grid-media-hover wpr-animation-wrap\"><div class=\"wpr-grid-media-hover-bg  wpr-overlay-fade-in wpr-anim-size-large wpr-anim-timing-ease-default wpr-anim-transparency\" data-url=\"http:\/\/site.iafa.com.br\/?product=camiseta-algodao-basico-copia\"><\/div><div class=\"wpr-grid-media-hover-top elementor-clearfix\"><div class=\"wpr-grid-item-compare-button elementor-repeater-item-c8cff3b wpr-grid-item-display-block wpr-grid-item-align-right wpr-element-slide-right wpr-anim-size-medium wpr-anim-timing-ease-default wpr-anim-transparency\"><div class=\"inner-block\"><button class=\"wpr-compare-add \" title=\"Add to Compare\" data-product-id=\"3719\" 3170 data-atcompare-popup=\"popup\" data-atcompare-animation=\"default\" data-atcompare-fade-out-in=\"5\" data-atcompare-animation-time=\"0.5\" data-open-in-new-tab=\"\" ><i class=\"fas fa-exchange-alt\"><\/i><\/button><button class=\"wpr-compare-remove wpr-button-hidden\" title=\"Remove from Compare\" data-product-id=\"3719\"><i class=\"fas fa-exchange-alt\"><\/i><\/button><\/div><\/div><div class=\"wpr-grid-item-wishlist-button elementor-repeater-item-e9f6e81 wpr-grid-item-display-block wpr-grid-item-align-right wpr-element-slide-right wpr-anim-size-medium wpr-anim-timing-ease-default wpr-anim-transparency\"><div class=\"inner-block\"><button class=\"wpr-wishlist-add \" title=\"Add to Wishlist\" data-product-id=\"3719\" 3169 data-atw-popup=\"popup\" data-atw-animation=\"default\" data-atw-fade-out-in=\"5\" data-atw-animation-time=\"0.5\" data-open-in-new-tab=\"\" ><i class=\"far fa-heart\"><\/i><\/button><button class=\"wpr-wishlist-remove wpr-button-hidden\" title=\"Remove from Wishlist\" data-product-id=\"3719\"><i class=\"fas fa-heart\"><\/i><\/button><\/div><\/div><\/div><\/div><\/div><div class=\"wpr-grid-item-below-content elementor-clearfix\"><div class=\"wpr-grid-item-rating elementor-repeater-item-e30a079 wpr-grid-item-display-block wpr-grid-item-align-left wpr-woo-rating-style-2\"><div class=\"inner-block\"><div class=\"wpr-woo-rating\"><i class=\"wpr-rating-icon-0\">&#9734;<\/i><i class=\"wpr-rating-icon-empty\">&#9734;<\/i><i class=\"wpr-rating-icon-empty\">&#9734;<\/i><i class=\"wpr-rating-icon-empty\">&#9734;<\/i><i class=\"wpr-rating-icon-empty\">&#9734;<\/i><\/div><\/div><\/div><h2 class=\"wpr-grid-item-title elementor-repeater-item-5010c56 wpr-grid-item-display-block wpr-grid-item-align-left wpr-pointer-none wpr-pointer-line-fx wpr-pointer-fx-slide\"><div class=\"inner-block\"><a target=\"_self\"   href=\"http:\/\/site.iafa.com.br\/?product=camiseta-algodao-basico-copia\">Camiseta Algod\u00e3o B\u00e1sico (c\u00f3pia)<\/a><\/div><\/h2><div class=\"wpr-grid-item-product_cat elementor-repeater-item-e4023b2 wpr-grid-item-display-block wpr-grid-item-align-left wpr-pointer-none wpr-pointer-line-fx wpr-pointer-fx-fade wpr-grid-product-categories\"><div class=\"inner-block\"><a  href=\"http:\/\/site.iafa.com.br\/?product_cat=camisetas\">Camisetas<\/a><\/div><\/div><div class=\"wpr-grid-item-excerpt elementor-repeater-item-91b2907 wpr-grid-item-display-block wpr-grid-item-align-left\"><div class=\"inner-block\"><p>&#8220;Camiseta de algod\u00e3o macia e confort\u00e1vel, perfeita para o dia a dia.\u00a0 Escolha sua cor e tamanho e, se quiser, personalize com sua arte exclusiva!&#8221;<\/p><\/div><\/div><div class=\"wpr-grid-item-separator elementor-repeater-item-2b444b0 wpr-grid-item-display-block wpr-grid-item-align-left wpr-grid-sep-style-1\"><div class=\"inner-block\"><span><\/span><\/div><\/div><div class=\"wpr-grid-item-price elementor-repeater-item-f096382 wpr-grid-item-display-block wpr-grid-item-align-left\"><div class=\"inner-block\"><span><span class=\"woocommerce-Price-amount amount\"><span class=\"woocommerce-Price-currencySymbol\">&#082;&#036;<\/span>&nbsp;26,50<\/span><\/span><\/div><\/div><div class=\"wpr-grid-item-add-to-cart elementor-repeater-item-34d636e wpr-grid-item-display-block wpr-grid-item-align-left\"><div class=\"inner-block\"><a rel=\"nofollow\" class=\"product_type_variable add_to_cart_button wpr-button-effect wpr-button-none \" aria-label=\"Select options for &ldquo;Camiseta Algod\u00e3o B\u00e1sico (c\u00f3pia)&rdquo;\" data-product_id=\"3719\" data-product_sku=\"\" data-atc-popup=\"none\" data-atc-animation=\"default\" data-atc-fade-out-in=\"5\" data-atc-animation-time=\"0.5\" href=\"http:\/\/site.iafa.com.br\/?product=camiseta-algodao-basico-copia\"><span>View Products<span class=\"wpr-grid-extra-icon-right\"><\/span><\/span><\/a><\/div><\/div><\/div><\/div><\/article><article class=\"wpr-grid-item elementor-clearfix post-3308 product type-product status-publish has-post-thumbnail product_brand-iafa product_cat-camisetas product_tag-personalize pa_cores-amarelo pa_cores-branco pa_cores-cinza-claro pa_cores-cinza-medio pa_cores-laranja pa_cores-preto pa_cores-roxo pa_cores-verde-bandeira pa_cores-vermelho  instock featured shipping-taxable purchasable product-type-variable\"><div class=\"wpr-grid-item-inner\"><div class=\"wpr-grid-media-wrap wpr-effect-size-medium \" data-overlay-link=\"yes\"><div class=\"wpr-grid-image-wrap\" data-src=\"http:\/\/site.iafa.com.br\/wp-content\/uploads\/2026\/02\/f090d70d75430b0a7f71a17f3be560ee.jpg\"  data-img-on-hover=\"yes\" data-src-secondary=\"\"><img decoding=\"async\" src=\"http:\/\/site.iafa.com.br\/wp-content\/uploads\/2026\/02\/f090d70d75430b0a7f71a17f3be560ee.jpg\" alt=\"Camiseta Algod\u00e3o B\u00e1sico\" class=\"wpr-anim-timing-ease-default\"><img decoding=\"async\" src=\"\" alt=\"Camiseta Algod\u00e3o B\u00e1sico\" class=\"wpr-hidden-img wpr-anim-timing-ease-default\"><\/div><div class=\"wpr-grid-media-hover wpr-animation-wrap\"><div class=\"wpr-grid-media-hover-bg  wpr-overlay-fade-in wpr-anim-size-large wpr-anim-timing-ease-default wpr-anim-transparency\" data-url=\"http:\/\/site.iafa.com.br\/?product=camiseta-algodao\"><\/div><div class=\"wpr-grid-media-hover-top elementor-clearfix\"><div class=\"wpr-grid-item-compare-button elementor-repeater-item-c8cff3b wpr-grid-item-display-block wpr-grid-item-align-right wpr-element-slide-right wpr-anim-size-medium wpr-anim-timing-ease-default wpr-anim-transparency\"><div class=\"inner-block\"><button class=\"wpr-compare-add \" title=\"Add to Compare\" data-product-id=\"3308\" 3170 data-atcompare-popup=\"popup\" data-atcompare-animation=\"default\" data-atcompare-fade-out-in=\"5\" data-atcompare-animation-time=\"0.5\" data-open-in-new-tab=\"\" ><i class=\"fas fa-exchange-alt\"><\/i><\/button><button class=\"wpr-compare-remove wpr-button-hidden\" title=\"Remove from Compare\" data-product-id=\"3308\"><i class=\"fas fa-exchange-alt\"><\/i><\/button><\/div><\/div><div class=\"wpr-grid-item-wishlist-button elementor-repeater-item-e9f6e81 wpr-grid-item-display-block wpr-grid-item-align-right wpr-element-slide-right wpr-anim-size-medium wpr-anim-timing-ease-default wpr-anim-transparency\"><div class=\"inner-block\"><button class=\"wpr-wishlist-add \" title=\"Add to Wishlist\" data-product-id=\"3308\" 3169 data-atw-popup=\"popup\" data-atw-animation=\"default\" data-atw-fade-out-in=\"5\" data-atw-animation-time=\"0.5\" data-open-in-new-tab=\"\" ><i class=\"far fa-heart\"><\/i><\/button><button class=\"wpr-wishlist-remove wpr-button-hidden\" title=\"Remove from Wishlist\" data-product-id=\"3308\"><i class=\"fas fa-heart\"><\/i><\/button><\/div><\/div><\/div><\/div><\/div><div class=\"wpr-grid-item-below-content elementor-clearfix\"><div class=\"wpr-grid-item-rating elementor-repeater-item-e30a079 wpr-grid-item-display-block wpr-grid-item-align-left wpr-woo-rating-style-2\"><div class=\"inner-block\"><div class=\"wpr-woo-rating\"><i class=\"wpr-rating-icon-0\">&#9734;<\/i><i class=\"wpr-rating-icon-empty\">&#9734;<\/i><i class=\"wpr-rating-icon-empty\">&#9734;<\/i><i class=\"wpr-rating-icon-empty\">&#9734;<\/i><i class=\"wpr-rating-icon-empty\">&#9734;<\/i><\/div><\/div><\/div><h2 class=\"wpr-grid-item-title elementor-repeater-item-5010c56 wpr-grid-item-display-block wpr-grid-item-align-left wpr-pointer-none wpr-pointer-line-fx wpr-pointer-fx-slide\"><div class=\"inner-block\"><a target=\"_self\"   href=\"http:\/\/site.iafa.com.br\/?product=camiseta-algodao\">Camiseta Algod\u00e3o B\u00e1sico<\/a><\/div><\/h2><div class=\"wpr-grid-item-product_cat elementor-repeater-item-e4023b2 wpr-grid-item-display-block wpr-grid-item-align-left wpr-pointer-none wpr-pointer-line-fx wpr-pointer-fx-fade wpr-grid-product-categories\"><div class=\"inner-block\"><a  href=\"http:\/\/site.iafa.com.br\/?product_cat=camisetas\">Camisetas<\/a><\/div><\/div><div class=\"wpr-grid-item-excerpt elementor-repeater-item-91b2907 wpr-grid-item-display-block wpr-grid-item-align-left\"><div class=\"inner-block\"><p>&#8220;Camiseta de algod\u00e3o macia e confort\u00e1vel, perfeita para o dia a dia.\u00a0 Escolha sua cor e tamanho e, se quiser, personalize com sua arte exclusiva!&#8221;<\/p><\/div><\/div><div class=\"wpr-grid-item-separator elementor-repeater-item-2b444b0 wpr-grid-item-display-block wpr-grid-item-align-left wpr-grid-sep-style-1\"><div class=\"inner-block\"><span><\/span><\/div><\/div><div class=\"wpr-grid-item-price elementor-repeater-item-f096382 wpr-grid-item-display-block wpr-grid-item-align-left\"><div class=\"inner-block\"><span><span class=\"woocommerce-Price-amount amount\" aria-hidden=\"true\"><span class=\"woocommerce-Price-currencySymbol\">&#082;&#036;<\/span>&nbsp;0,63<\/span> <span aria-hidden=\"true\">&ndash;<\/span> <span class=\"woocommerce-Price-amount amount\" aria-hidden=\"true\"><span class=\"woocommerce-Price-currencySymbol\">&#082;&#036;<\/span>&nbsp;56,99<\/span><span class=\"screen-reader-text\">Price range: &#082;&#036;&nbsp;0,63 through &#082;&#036;&nbsp;56,99<\/span><\/span><\/div><\/div><div class=\"wpr-grid-item-add-to-cart elementor-repeater-item-34d636e wpr-grid-item-display-block wpr-grid-item-align-left\"><div class=\"inner-block\"><a rel=\"nofollow\" class=\"product_type_variable add_to_cart_button wpr-button-effect wpr-button-none \" aria-label=\"Select options for &ldquo;Camiseta Algod\u00e3o B\u00e1sico&rdquo;\" data-product_id=\"3308\" data-product_sku=\"\" data-atc-popup=\"none\" data-atc-animation=\"default\" data-atc-fade-out-in=\"5\" data-atc-animation-time=\"0.5\" href=\"http:\/\/site.iafa.com.br\/?product=camiseta-algodao\"><span>View Products<span class=\"wpr-grid-extra-icon-right\"><\/span><\/span><\/a><\/div><\/div><\/div><\/div><\/article><\/section>\t\t\t\t<\/div>\n\t\t\t\t<\/div>\n\t\t\t\t\t<\/div>\n\t\t\t\t<\/div>\n\t\t\t\t<\/div>\n\t\t","protected":false},"excerpt":{"rendered":"<p>Product Category Camisetas 4 Camiseta B\u00e1sica de Algod\u00e3o 2 Camiseta Poliviscose 1 All sem categoria Aventais Baby Look Bon\u00e9s Camisas Polo Camisetas Coletes de Identifica\u00e7\u00e3o Ecobags Jaquetas Moletons Regatas &nbsp;&nbsp;Back Camiseta B\u00e1sica de Algod\u00e3o Camiseta Premium de Algod\u00e3o Camiseta Poliviscose Camiseta Dry Fit &#9734;&#9734;&#9734;&#9734;&#9734; Camiseta Algod\u00e3o B\u00e1sico Camisetas &#8220;Camiseta de algod\u00e3o macia e confort\u00e1vel, perfeita para o dia a dia.\u00a0 Escolha sua cor e tamanho e, se quiser, personalize com sua arte exclusiva!&#8221; &#036;45.00View Products<\/p>\n","protected":false},"author":1,"featured_media":0,"parent":0,"menu_order":0,"comment_status":"closed","ping_status":"closed","template":"elementor_canvas","meta":{"footnotes":""},"class_list":["post-3171","page","type-page","status-publish","hentry"],"acf":[],"jetpack_sharing_enabled":true,"_links":{"self":[{"href":"http:\/\/site.iafa.com.br\/index.php?rest_route=\/wp\/v2\/pages\/3171","targetHints":{"allow":["GET"]}}],"collection":[{"href":"http:\/\/site.iafa.com.br\/index.php?rest_route=\/wp\/v2\/pages"}],"about":[{"href":"http:\/\/site.iafa.com.br\/index.php?rest_route=\/wp\/v2\/types\/page"}],"author":[{"embeddable":true,"href":"http:\/\/site.iafa.com.br\/index.php?rest_route=\/wp\/v2\/users\/1"}],"replies":[{"embeddable":true,"href":"http:\/\/site.iafa.com.br\/index.php?rest_route=%2Fwp%2Fv2%2Fcomments&post=3171"}],"version-history":[{"count":10,"href":"http:\/\/site.iafa.com.br\/index.php?rest_route=\/wp\/v2\/pages\/3171\/revisions"}],"predecessor-version":[{"id":3587,"href":"http:\/\/site.iafa.com.br\/index.php?rest_route=\/wp\/v2\/pages\/3171\/revisions\/3587"}],"wp:attachment":[{"href":"http:\/\/site.iafa.com.br\/index.php?rest_route=%2Fwp%2Fv2%2Fmedia&parent=3171"}],"curies":[{"name":"wp","href":"https:\/\/api.w.org\/{rel}","templated":true}]}}